{"id":12,"date":"2013-01-07T11:56:48","date_gmt":"2013-01-07T10:56:48","guid":{"rendered":"http:\/\/puech.info\/michel\/blog\/?page_id=12"},"modified":"2025-09-30T13:44:41","modified_gmt":"2025-09-30T11:44:41","slug":"liens","status":"publish","type":"page","link":"http:\/\/puech.info\/michel\/blog\/contact\/liens\/","title":{"rendered":"Quelques sources"},"content":{"rendered":"<p style=\"text-align: left;\"><strong><a href=\"http:\/\/www.loeildelinfo.fr\" target=\"_blank\" rel=\"noopener\">L&rsquo;Oeil de l&rsquo;Info<\/a> &#8211; <a href=\"http:\/\/www.mediapart.fr\/\" target=\"_blank\" rel=\"noopener\">Mediapart<\/a>\u00a0<\/strong><\/p>\n<p style=\"text-align: left;\"><a href=\"https:\/\/onedrive.live.com\/\" target=\"_blank\" rel=\"noopener\">One Drive<\/a><strong> &#8211; \u00a0<\/strong><strong><a href=\"http:\/\/news.google.fr\/\" target=\"_blank\" rel=\"noopener\">News Google<\/a>\u00a0\u00a0<\/strong> &#8211;\u00a0<a href=\"http:\/\/www.google.com\" target=\"_blank\" rel=\"noopener\">Google.com\u00a0<\/a> &#8211;\u00a0<a href=\"http:\/\/www.qwant.com\" target=\"_blank\" rel=\"noopener\">Qwant<\/a> &#8211;\u00a0<a href=\"https:\/\/www.deepl.com\/\" target=\"_blank\" rel=\"noopener\">Deepl.com<\/a><\/p>\n<p style=\"text-align: left;\"><a href=\"https:\/\/boutiqueducourrier.laposte.fr\/\" target=\"_blank\" rel=\"noopener\">La Poste en ligne &#8211; <\/a><a href=\"http:\/\/outlook.com\" target=\"_blank\" rel=\"noopener\"><strong>Outlook.com<\/strong><\/a> &#8211;\u00a0<a href=\"http:\/\/www.orange.fr\" target=\"_blank\" rel=\"noopener\">Orange.fr<\/a>\u00a0&#8211;\u00a0<a href=\"http:\/\/www.ratp.fr\/itineraires\/fr\/ratp\/recherche-avancee\" target=\"_blank\" rel=\"noopener\"><strong>Ratp<\/strong>\u00a0<\/a>&#8211;\u00a0<strong><a href=\"http:\/\/www.voyages-sncf.com\/\" target=\"_blank\" rel=\"noopener\">Sncf<\/a><\/strong>\u00a0&#8211; \u00a0<a href=\"http:\/\/www.reseaumistral.com\/\" target=\"_blank\" rel=\"noopener\">R\u00e9seau Mistral<\/a>\u00a0&#8211;\u00a0\u00a0<a href=\"http:\/\/www.service-public.fr\/\">Service-public<\/a> &#8211;<a href=\"http:\/\/www.deezer.com\/fr\/\" target=\"_blank\" rel=\"noopener\"> Deezer Musique<\/a> &#8211;<a href=\"http:\/\/www.infogreffe.fr\" target=\"_blank\" rel=\"noopener\"> Infogreffe<\/a> &#8211; <a href=\"http:\/\/www.geneanet.org\/\" target=\"_blank\" rel=\"noopener\">Geneanet <\/a>&#8211;<\/p>\n<p><strong><a href=\"http:\/\/www.polkamagazine.com\/\" target=\"_blank\" rel=\"noopener\">Polka Magazine<\/a>\u00a0&#8211; <a href=\"http:\/\/lens.blogs.nytimes.com\/\" target=\"_blank\" rel=\"noopener\">Lens NYT<\/a>\u00a0 &#8211;\u00a0<a href=\"https:\/\/www.selling-stock.com\/\" target=\"_blank\" rel=\"noopener\">Selling Stock<\/a> &#8211; \u00a0<a href=\"http:\/\/www.pdnonline.com\/\" target=\"_blank\" rel=\"noopener\">PDN<\/a> &#8211; <a href=\"https:\/\/photoarchivenews.com\/\" target=\"_blank\" rel=\"noopener\">Photo Archvies News (PAN)<\/a><\/strong><\/p>\n<h2 style=\"text-align: left;\"><a href=\"http:\/\/www.lemonde.fr\/\" target=\"_blank\" rel=\"noopener\">Le Monde<\/a><\/h2>\n<p style=\"text-align: left;\"><a href=\"http:\/\/www.lefigaro.fr\/\">Le Figaro\u00a0<\/a>&#8211; <a href=\"https:\/\/www.liberation.fr\">Lib\u00e9ration<\/a> &#8211; <a href=\"http:\/\/www.la-croix.com\/\" target=\"_blank\" rel=\"noopener\">La Croix\u00a0<\/a>&#8211;\u00a0<a href=\"http:\/\/www.humanite.presse.fr\/\">L&rsquo;Humanit\u00e9<\/a>\u00a0&#8211;\u00a0<a href=\"http:\/\/www.leparisien.fr\/\">Le Parisien<\/a>\u00a0&#8211;\u00a0<a href=\"http:\/\/www.latribune.fr\/\">La Tribune<\/a>\u00a0&#8211;\u00a0<a href=\"http:\/\/www.lesechos.fr\/\">Les Echos<\/a>\u00a0 &#8211; <a href=\"http:\/\/www.lesoir.be\/\">Le Soir (Bruxelles)<\/a>\u00a0&#8211;\u00a0<a href=\"http:\/\/www.24heures.ch\/\">24 Heures<\/a>(Suisse) &#8211;\u00a0<a href=\"http:\/\/www.lematin.ch\/\">Le Matin<\/a>\u00a0(Suisse) &#8211;\u00a0<strong><a href=\"http:\/\/www.letemps.ch\/\">Le Temps<\/a><\/strong>\u00a0(Suisse) &#8211;\u00a0<a href=\"http:\/\/www.tdg.ch\/\">La Tribune de Gen\u00e8ve<\/a>\u00a0&#8211;\u00a0 &#8211; <a href=\"http:\/\/www.ledevoir.com\/\" target=\"_blank\" rel=\"noopener\">Le Devoir (Montr\u00e9al)<\/a> &#8211; <a href=\"http:\/\/www.lapresse.ca\/\" target=\"_blank\" rel=\"noopener\">La Presse (Montr\u00e9al) <\/a>&#8211;<\/p>\n<h2 style=\"text-align: left;\"><strong><a href=\"http:\/\/www.franceculture.fr\/\" target=\"_blank\" rel=\"noopener\">France Culture<\/a><\/strong><\/h2>\n<p style=\"text-align: left;\"><a href=\"http:\/\/www.radio-france.fr\/\">Radio France<\/a>\u00a0&#8211; &#8211;\u00a0<a href=\"http:\/\/www.rfi.fr\/\">RFI (Radio France Internationale)<\/a>\u00a0&#8211;\u00a0<a href=\"http:\/\/www.rtl.fr\/\">RTL<\/a>\u00a0&#8211;\u00a0<a href=\"http:\/\/www.europe1.fr\/\">Europe 1<\/a>\u00a0&#8211;\u00a0<a href=\"http:\/\/www.tf1.fr\/\">TF1<\/a>\u00a0&#8211;\u00a0<a href=\"http:\/\/www.france2.fr\/\">France 2<\/a>\u00a0&#8211;\u00a0<a href=\"http:\/\/www.france3.fr\/\">France 3<\/a>\u00a0&#8211;\u00a0<a href=\"http:\/\/www.canalplus.fr\/\">Canal Plus<\/a>\u00a0&#8211;\u00a0<a href=\"http:\/\/www.artefrance.fr\/\">Arte<\/a>\u00a0&#8211;<a href=\"http:\/\/www.france5.fr\/\">France 5<\/a> &#8211;\u00a0<a href=\"http:\/\/www.tf1.fr\/news\">LCI<\/a>\u00a0&#8211;\u00a0<a href=\"http:\/\/www.m6.fr\/\">M6<\/a>\u00a0&#8211;\u00a0<a href=\"http:\/\/www.rfo.fr\/\">Radio T\u00e9l\u00e9vision Fran\u00e7aise d&rsquo;Outre-Mer (RFO)<\/a>\u00a0&#8211;\u00a0<a href=\"http:\/\/www.tv5.org\/\">TV5<\/a>\u00a0&#8211;\u00a0<a href=\"http:\/\/www.rtbf.be\/\">RTBF<\/a>\u00a0(Belgique) &#8211;\u00a0<a href=\"http:\/\/www.tsr.ch\/\">T\u00e9l\u00e9vision Suisse Romande<\/a>\u00a0&#8211;<a href=\"http:\/\/www.rsr.ch\/\">Radio Suisse Romande<\/a><\/p>\n<h3>Outil<a href=\"https:\/\/www.happyscribe.com\" target=\"_blank\" rel=\"noopener\">s<\/a><\/h3>\n<p>Conversions voie-txt Happy Scribe <a href=\"https:\/\/www.happyscribe.com\" target=\"_blank\" rel=\"noopener\">https:\/\/www.happyscribe.com<\/a><\/p>\n<p>Conversion texte\/voix :\u00a0<a href=\"https:\/\/voicemaker.in\/\" target=\"_blank\" rel=\"noopener\">ttps:\/\/voicemaker.in\/\u00a0 <\/a>&#8211;<a href=\"https:\/\/freetts.com\/\" target=\"_blank\" rel=\"noopener\"> https:\/\/freetts.com\/<\/a><\/p>\n<p>Am\u00e9liorer les\u00a0 images :\u00a0<a href=\"https:\/\/picwish.com\/fr\/image-enlarger\">ttps:\/\/picwish.com\/fr\/image-enlarger<\/a><\/p>\n<p>Un convertisseur de fichiers (images, audio, vid\u00e9o, doc) <a href=\"https:\/\/convertio.co\/fr\/\">https:\/\/convertio.co\/fr\/<\/a><\/p>\n<p>Un \u00e9diteur de pdf \u00a0<a href=\"https:\/\/www.sejda.com\/fr\/pdf-editor\">https:\/\/www.sejda.com\/fr\/pdf-editor<\/a><\/p>\n<p><a href=\"https:\/\/www.ilovepdf.com\/fr\">https:\/\/www.ilovepdf.com<\/a><\/p>\n<p>Pappers<\/p>\n<table>\n<tbody>\n<tr>\n<td width=\"300\">\n<table width=\"100%\">\n<tbody>\n<tr>\n<td>\u3009Donn\u00e9es entreprises : <a href=\"https:\/\/0yuht.mjt.lu\/lnk\/AUUAAEfaWBUAAch34MYAAU4lGaAAAYCuQNwAncsoACRxPQBmj60Opm57PIczSXqkZzgj2FSTrQAOcXU\/7\/dQ8f8oT8e08j5E0v785SKw\/aHR0cHM6Ly93d3cucGFwcGVycy5mci8\">pappers.fr<\/a><\/p>\n<p>\u3009D\u00e9bats parlementaires : <a href=\"https:\/\/0yuht.mjt.lu\/lnk\/AUUAAEfaWBUAAch34MYAAU4lGaAAAYCuQNwAncsoACRxPQBmj60Opm57PIczSXqkZzgj2FSTrQAOcXU\/8\/RAeUebQfkzgNFKsTL5FiDg\/aHR0cHM6Ly9wb2xpdGlxdWUucGFwcGVycy5mci8\">politique.pappers.fr<\/a><\/p>\n<p>\u3009Entreprises internationales : <a href=\"https:\/\/0yuht.mjt.lu\/lnk\/AUUAAEfaWBUAAch34MYAAU4lGaAAAYCuQNwAncsoACRxPQBmj60Opm57PIczSXqkZzgj2FSTrQAOcXU\/9\/UeBYpcmAReDB2yoMeTY1iQ\/aHR0cHM6Ly93d3cucGFwcGVycy5pbi8\">pappers.in<\/a><\/td>\n<\/tr>\n<\/tbody>\n<\/table>\n<\/td>\n<\/tr>\n<\/tbody>\n<\/table>\n<p>\u3009Formalit\u00e9s juridiques : <a href=\"https:\/\/0yuht.mjt.lu\/lnk\/AUUAAEfaWBUAAch34MYAAU4lGaAAAYCuQNwAncsoACRxPQBmj60Opm57PIczSXqkZzgj2FSTrQAOcXU\/10\/eao1UpDJsLlZWmWT-aUmqw\/aHR0cHM6Ly9zZXJ2aWNlcy5wYXBwZXJzLmZyLw\">services.pappers.fr<\/a><\/p>\n<p>\u3009Jurisprudence : <a href=\"https:\/\/0yuht.mjt.lu\/lnk\/AUUAAEfaWBUAAch34MYAAU4lGaAAAYCuQNwAncsoACRxPQBmj60Opm57PIczSXqkZzgj2FSTrQAOcXU\/11\/YD_UmUYIenpiLnNlPbTUug\/aHR0cHM6Ly9qdXN0aWNlLnBhcHBlcnMuZnIv\">justice.pappers.fr<\/a><\/p>\n<p>\u3009Donn\u00e9es immo : <a href=\"https:\/\/0yuht.mjt.lu\/lnk\/AUUAAEfaWBUAAch34MYAAU4lGaAAAYCuQNwAncsoACRxPQBmj60Opm57PIczSXqkZzgj2FSTrQAOcXU\/12\/_FUtN8IBVMGgtiiRtmVZLA\/aHR0cHM6Ly9pbW1vYmlsaWVyLnBhcHBlcnMuZnIv\">immobilier.pappers.fr<\/a><\/p>\n<p>&nbsp;<\/p>\n","protected":false},"excerpt":{"rendered":"<p>L&rsquo;Oeil de l&rsquo;Info &#8211; Mediapart\u00a0 One Drive &#8211; \u00a0News Google\u00a0\u00a0 &#8211;\u00a0Google.com\u00a0 &#8211;\u00a0Qwant &#8211;\u00a0Deepl.com La Poste en ligne &#8211; Outlook.com &#8211;\u00a0Orange.fr\u00a0&#8211;\u00a0Ratp\u00a0&#8211;\u00a0Sncf\u00a0&#8211; \u00a0R\u00e9seau Mistral\u00a0&#8211;\u00a0\u00a0Service-public &#8211; Deezer Musique &#8211; Infogreffe &#8211; Geneanet &#8211; Polka Magazine\u00a0&#8211; Lens NYT\u00a0 &#8211;\u00a0Selling Stock &#8211; \u00a0PDN &#8211; Photo Archvies News (PAN) Le Monde Le Figaro\u00a0&#8211; Lib\u00e9ration &#8211; La Croix\u00a0&#8211;\u00a0L&rsquo;Humanit\u00e9\u00a0&#8211;\u00a0Le Parisien\u00a0&#8211;\u00a0La Tribune\u00a0&#8211;\u00a0Les Echos\u00a0 &#8211; [&hellip;]<\/p>\n","protected":false},"author":1,"featured_media":0,"parent":31,"menu_order":10,"comment_status":"closed","ping_status":"closed","template":"template-full-width.php","meta":{"footnotes":""},"class_list":["post-12","page","type-page","status-publish","hentry"],"_links":{"self":[{"href":"http:\/\/puech.info\/michel\/blog\/wp-json\/wp\/v2\/pages\/12","targetHints":{"allow":["GET"]}}],"collection":[{"href":"http:\/\/puech.info\/michel\/blog\/wp-json\/wp\/v2\/pages"}],"about":[{"href":"http:\/\/puech.info\/michel\/blog\/wp-json\/wp\/v2\/types\/page"}],"author":[{"embeddable":true,"href":"http:\/\/puech.info\/michel\/blog\/wp-json\/wp\/v2\/users\/1"}],"replies":[{"embeddable":true,"href":"http:\/\/puech.info\/michel\/blog\/wp-json\/wp\/v2\/comments?post=12"}],"version-history":[{"count":91,"href":"http:\/\/puech.info\/michel\/blog\/wp-json\/wp\/v2\/pages\/12\/revisions"}],"predecessor-version":[{"id":810,"href":"http:\/\/puech.info\/michel\/blog\/wp-json\/wp\/v2\/pages\/12\/revisions\/810"}],"up":[{"embeddable":true,"href":"http:\/\/puech.info\/michel\/blog\/wp-json\/wp\/v2\/pages\/31"}],"wp:attachment":[{"href":"http:\/\/puech.info\/michel\/blog\/wp-json\/wp\/v2\/media?parent=12"}],"curies":[{"name":"wp","href":"https:\/\/api.w.org\/{rel}","templated":true}]}}