{"id":31,"date":"2013-01-07T17:30:24","date_gmt":"2013-01-07T16:30:24","guid":{"rendered":"http:\/\/puech.info\/michel\/blog\/?page_id=31"},"modified":"2022-11-21T19:10:43","modified_gmt":"2022-11-21T18:10:43","slug":"contact","status":"publish","type":"page","link":"http:\/\/puech.info\/michel\/blog\/contact\/","title":{"rendered":"Me contacter"},"content":{"rendered":"<p style=\"text-align: center;\">Ce site est \u00e9dit\u00e9 par<\/p>\n<p><a href=\"http:\/\/puech.info\/michel\/blog\/contact\/michel-photo-icon\/\"><img loading=\"lazy\" decoding=\"async\" class=\"aligncenter wp-image-754 size-thumbnail\" src=\"http:\/\/puech.info\/michel\/blog\/wp-content\/uploads\/2022\/07\/Michel-photo-icon-150x150.jpg\" alt=\"\" width=\"150\" height=\"150\" \/><\/a><\/p>\n<p style=\"text-align: center;\">Michel Puech<br \/>\n160 chemin de Mouri\u00e8s<\/p>\n<p style=\"text-align: center;\">Le Brusc<\/p>\n<p style=\"text-align: center;\">F &#8211; 83140 Six-Fours-les-plages (EU)<br \/>\nTel +33 6 75 66 3000 &#8211;<\/p>\n<p style=\"text-align: center;\"><a href=\"https:\/\/www.facebook.com\/michel.puech\" target=\"_blank\" rel=\"noopener\">Facebook<\/a><\/p>\n<h3 style=\"text-align: left;\">M&rsquo;\u00e9crire un courriel<\/h3>\n\n<div class=\"wpcf7 no-js\" id=\"wpcf7-f30-o1\" lang=\"en-US\" dir=\"ltr\" data-wpcf7-id=\"30\">\n<div class=\"screen-reader-response\"><p role=\"status\" aria-live=\"polite\" aria-atomic=\"true\"><\/p> <ul><\/ul><\/div>\n<form action=\"\/michel\/blog\/wp-json\/wp\/v2\/pages\/31#wpcf7-f30-o1\" method=\"post\" class=\"wpcf7-form init\" aria-label=\"Contact form\" novalidate=\"novalidate\" data-status=\"init\">\n<div style=\"display: none;\">\n<input type=\"hidden\" name=\"_wpcf7\" value=\"30\" \/>\n<input type=\"hidden\" name=\"_wpcf7_version\" value=\"6.0.1\" \/>\n<input type=\"hidden\" name=\"_wpcf7_locale\" value=\"en_US\" \/>\n<input type=\"hidden\" name=\"_wpcf7_unit_tag\" value=\"wpcf7-f30-o1\" \/>\n<input type=\"hidden\" name=\"_wpcf7_container_post\" value=\"0\" \/>\n<input type=\"hidden\" name=\"_wpcf7_posted_data_hash\" value=\"\" \/>\n<\/div>\n<p>Votre nom (obligatoire)\n<\/p>\n<p><span class=\"wpcf7-form-control-wrap\" data-name=\"your-name\"><input size=\"40\" maxlength=\"400\" class=\"wpcf7-form-control wpcf7-text wpcf7-validates-as-required\" aria-required=\"true\" aria-invalid=\"false\" value=\"\" type=\"text\" name=\"your-name\" \/><\/span>\n<\/p>\n<p>Votre email (obligatoire)\n<\/p>\n<p><span class=\"wpcf7-form-control-wrap\" data-name=\"your-email\"><input size=\"40\" maxlength=\"400\" class=\"wpcf7-form-control wpcf7-email wpcf7-validates-as-required wpcf7-text wpcf7-validates-as-email\" aria-required=\"true\" aria-invalid=\"false\" value=\"\" type=\"email\" name=\"your-email\" \/><\/span>\n<\/p>\n<p>Sujet\n<\/p>\n<p><span class=\"wpcf7-form-control-wrap\" data-name=\"your-subject\"><input size=\"40\" maxlength=\"400\" class=\"wpcf7-form-control wpcf7-text\" aria-invalid=\"false\" value=\"\" type=\"text\" name=\"your-subject\" \/><\/span>\n<\/p>\n<p>Votre message\n<\/p>\n<p><span class=\"wpcf7-form-control-wrap\" data-name=\"your-message\"><textarea cols=\"40\" rows=\"10\" maxlength=\"2000\" class=\"wpcf7-form-control wpcf7-textarea\" aria-invalid=\"false\" name=\"your-message\"><\/textarea><\/span>\n<\/p>\n<p><input class=\"wpcf7-form-control wpcf7-submit has-spinner\" type=\"submit\" value=\"Envoyer\" \/>\n<\/p><p style=\"display: none !important;\" class=\"akismet-fields-container\" data-prefix=\"_wpcf7_ak_\"><label>&#916;<textarea name=\"_wpcf7_ak_hp_textarea\" cols=\"45\" rows=\"8\" maxlength=\"100\"><\/textarea><\/label><input type=\"hidden\" id=\"ak_js_1\" name=\"_wpcf7_ak_js\" value=\"146\"\/><script>document.getElementById( \"ak_js_1\" ).setAttribute( \"value\", ( new Date() ).getTime() );<\/script><\/p><div class=\"wpcf7-response-output\" aria-hidden=\"true\"><\/div>\n<\/form>\n<\/div>\n\n","protected":false},"excerpt":{"rendered":"<p>Ce site est \u00e9dit\u00e9 par Michel Puech 160 chemin de Mouri\u00e8s Le Brusc F &#8211; 83140 Six-Fours-les-plages (EU) Tel +33 6 75 66 3000 &#8211; Facebook M&rsquo;\u00e9crire un courriel<\/p>\n","protected":false},"author":2,"featured_media":754,"parent":0,"menu_order":9,"comment_status":"closed","ping_status":"closed","template":"template-full-width.php","meta":{"footnotes":""},"class_list":["post-31","page","type-page","status-publish","has-post-thumbnail","hentry"],"_links":{"self":[{"href":"http:\/\/puech.info\/michel\/blog\/wp-json\/wp\/v2\/pages\/31","targetHints":{"allow":["GET"]}}],"collection":[{"href":"http:\/\/puech.info\/michel\/blog\/wp-json\/wp\/v2\/pages"}],"about":[{"href":"http:\/\/puech.info\/michel\/blog\/wp-json\/wp\/v2\/types\/page"}],"author":[{"embeddable":true,"href":"http:\/\/puech.info\/michel\/blog\/wp-json\/wp\/v2\/users\/2"}],"replies":[{"embeddable":true,"href":"http:\/\/puech.info\/michel\/blog\/wp-json\/wp\/v2\/comments?post=31"}],"version-history":[{"count":20,"href":"http:\/\/puech.info\/michel\/blog\/wp-json\/wp\/v2\/pages\/31\/revisions"}],"predecessor-version":[{"id":781,"href":"http:\/\/puech.info\/michel\/blog\/wp-json\/wp\/v2\/pages\/31\/revisions\/781"}],"wp:featuredmedia":[{"embeddable":true,"href":"http:\/\/puech.info\/michel\/blog\/wp-json\/wp\/v2\/media\/754"}],"wp:attachment":[{"href":"http:\/\/puech.info\/michel\/blog\/wp-json\/wp\/v2\/media?parent=31"}],"curies":[{"name":"wp","href":"https:\/\/api.w.org\/{rel}","templated":true}]}}