{"id":585,"date":"2016-10-19T12:52:36","date_gmt":"2016-10-19T10:52:36","guid":{"rendered":"http:\/\/puech.info\/michel\/blog\/?page_id=585"},"modified":"2024-03-09T19:11:20","modified_gmt":"2024-03-09T18:11:20","slug":"a-loeil-le-blog","status":"publish","type":"page","link":"http:\/\/puech.info\/michel\/blog\/a-loeil-le-blog\/","title":{"rendered":"L&rsquo;Oeil de l&rsquo;Info"},"content":{"rendered":"<p>Ce site a \u00e9t\u00e9 cr\u00e9\u00e9 l&rsquo;\u00e9t\u00e9 2008 dans le Club Mediapart. De l&rsquo;\u00e9dition de Visa pour l&rsquo;image de cette ann\u00e9e l\u00e0,\u00a0 j&rsquo;ai chroniqu\u00e9 le monde du photojournalisme. Expositions, livres, festival, prix; mais aussi h\u00e9las, Palais de Justice, Tribunal de commerce, telles furent mes occupations, mes terrains de reportage.<\/p>\n<p>Cette p\u00e9riode a \u00e9t\u00e9 trop riche en \u00e9v\u00e8nements tragiques et dramatiques. Morts de correspondants de guerre, faillites d&rsquo;agences&#8230; J&rsquo;en passe. quelques centaines d&rsquo;articles &#8211; m&rsquo;ont permis d&rsquo;accumuler une masse d&rsquo;informations que je restitue ici.<\/p>\n<p>Quinze ans plus tard, en mars 2023, avec quelques conf\u00e8res amis, est n\u00e9 l&rsquo;Association Journalisme &amp; Photographie pour principalement g\u00e9rer un nouveau site : www.loeildelinfo.fr.<\/p>\n<p>J&rsquo;esp\u00e8re que vous y trouverez votre miel.<\/p>\n<p>MP<\/p>\n<h1 style=\"text-align: left;\"><a href=\"http:\/\/www.loeildelinfo.fr\" target=\"_blank\" rel=\"noopener\">Allez sur <em>L&rsquo;oeil de l&rsquo;Info<\/em><\/a><\/h1>\n","protected":false},"excerpt":{"rendered":"<p>Ce site a \u00e9t\u00e9 cr\u00e9\u00e9 l&rsquo;\u00e9t\u00e9 2008 dans le Club Mediapart. De l&rsquo;\u00e9dition de Visa pour l&rsquo;image de cette ann\u00e9e l\u00e0,\u00a0 j&rsquo;ai chroniqu\u00e9 le monde du photojournalisme. Expositions, livres, festival, prix; mais aussi h\u00e9las, Palais de Justice, Tribunal de commerce, telles furent mes occupations, mes terrains de reportage. Cette p\u00e9riode a \u00e9t\u00e9 trop riche en [&hellip;]<\/p>\n","protected":false},"author":2,"featured_media":0,"parent":0,"menu_order":0,"comment_status":"closed","ping_status":"closed","template":"template-full-width.php","meta":{"footnotes":""},"class_list":["post-585","page","type-page","status-publish","hentry"],"_links":{"self":[{"href":"http:\/\/puech.info\/michel\/blog\/wp-json\/wp\/v2\/pages\/585","targetHints":{"allow":["GET"]}}],"collection":[{"href":"http:\/\/puech.info\/michel\/blog\/wp-json\/wp\/v2\/pages"}],"about":[{"href":"http:\/\/puech.info\/michel\/blog\/wp-json\/wp\/v2\/types\/page"}],"author":[{"embeddable":true,"href":"http:\/\/puech.info\/michel\/blog\/wp-json\/wp\/v2\/users\/2"}],"replies":[{"embeddable":true,"href":"http:\/\/puech.info\/michel\/blog\/wp-json\/wp\/v2\/comments?post=585"}],"version-history":[{"count":30,"href":"http:\/\/puech.info\/michel\/blog\/wp-json\/wp\/v2\/pages\/585\/revisions"}],"predecessor-version":[{"id":798,"href":"http:\/\/puech.info\/michel\/blog\/wp-json\/wp\/v2\/pages\/585\/revisions\/798"}],"wp:attachment":[{"href":"http:\/\/puech.info\/michel\/blog\/wp-json\/wp\/v2\/media?parent=585"}],"curies":[{"name":"wp","href":"https:\/\/api.w.org\/{rel}","templated":true}]}}